{"id":1268,"date":"2021-11-26T14:55:01","date_gmt":"2021-11-26T19:55:01","guid":{"rendered":"https:\/\/www.portailjeunesse.ca\/contact-us\/"},"modified":"2025-01-25T16:35:56","modified_gmt":"2025-01-25T21:35:56","slug":"contact-us","status":"publish","type":"page","link":"https:\/\/portailjeunesse.ca\/en\/contact-us\/","title":{"rendered":"Contact us"},"content":{"rendered":"<p>[et_pb_section fb_built=&#8221;1&#8243; admin_label=&#8221;Section FIXE&#8221; _builder_version=&#8221;4.9.9&#8243; _module_preset=&#8221;default&#8221; custom_margin=&#8221;0px||0px||false|false&#8221; custom_padding=&#8221;0px||0px||false|false&#8221; global_module=&#8221;231&#8243; saved_tabs=&#8221;all&#8221; global_colors_info=&#8221;{}&#8221;][et_pb_row disabled_on=&#8221;on|on|off&#8221; _builder_version=&#8221;4.16&#8243; _module_preset=&#8221;default&#8221; background_color=&#8221;#283583&#8243; positioning=&#8221;fixed&#8221; position_origin_f=&#8221;top_right&#8221; vertical_offset=&#8221;200px&#8221; horizontal_offset=&#8221;0px&#8221; z_index=&#8221;500&#8243; position_origin_a_tablet=&#8221;&#8221; position_origin_a_phone=&#8221;&#8221; position_origin_a_last_edited=&#8221;on|desktop&#8221; position_origin_f_tablet=&#8221;&#8221; position_origin_f_phone=&#8221;&#8221; position_origin_f_last_edited=&#8221;on|tablet&#8221; position_origin_r_tablet=&#8221;&#8221; position_origin_r_phone=&#8221;&#8221; position_origin_r_last_edited=&#8221;on|desktop&#8221; width=&#8221;105px&#8221; custom_padding=&#8221;20px||20px|15px|false|false&#8221; positioning_tablet=&#8221;&#8221; positioning_phone=&#8221;&#8221; positioning_last_edited=&#8221;on|desktop&#8221; global_colors_info=&#8221;{}&#8221;][et_pb_column type=&#8221;4_4&#8243; _builder_version=&#8221;4.16&#8243; _module_preset=&#8221;default&#8221; global_colors_info=&#8221;{}&#8221;][et_pb_image src=&#8221;https:\/\/www.portailjeunesse.ca\/wp-content\/uploads\/2021\/06\/accueil.svg&#8221; title_text=&#8221;Home&#8221; url=&#8221;@ET-DC@eyJkeW5hbWljIjp0cnVlLCJjb250ZW50IjoiaG9tZV91cmwiLCJzZXR0aW5ncyI6W119@&#8221; show_bottom_space=&#8221;off&#8221; admin_label=&#8221;Image ACCUEIL&#8221; _builder_version=&#8221;4.16&#8243; _dynamic_attributes=&#8221;url&#8221; _module_preset=&#8221;default&#8221; width=&#8221;42px&#8221; custom_margin=&#8221;||20px||false|false&#8221; global_colors_info=&#8221;{}&#8221;][\/et_pb_image][et_pb_image src=&#8221;https:\/\/www.portailjeunesse.ca\/wp-content\/uploads\/2021\/06\/facebook.svg&#8221; title_text=&#8221;Facebook&#8221; url=&#8221;https:\/\/www.facebook.com\/commissionjeunessegim&#8221; url_new_window=&#8221;on&#8221; admin_label=&#8221;Image FACEBOOK&#8221; _builder_version=&#8221;4.16&#8243; _module_preset=&#8221;default&#8221; width=&#8221;42px&#8221; custom_margin=&#8221;||20px||false|false&#8221; global_colors_info=&#8221;{}&#8221;][\/et_pb_image][et_pb_image src=&#8221;https:\/\/www.portailjeunesse.ca\/wp-content\/uploads\/2021\/06\/recherche.svg&#8221; title_text=&#8221;search&#8221; admin_label=&#8221;Image RECHERCHE&#8221; module_id=&#8221;recherche&#8221; module_class=&#8221;popup&#8221; _builder_version=&#8221;4.16&#8243; _module_preset=&#8221;default&#8221; width=&#8221;42px&#8221; custom_margin=&#8221;||20px||false|false&#8221; global_colors_info=&#8221;{}&#8221;][\/et_pb_image][et_pb_text admin_label=&#8221;Text Nous joindre&#8221; _builder_version=&#8221;4.16&#8243; _dynamic_attributes=&#8221;link_option_url&#8221; _module_preset=&#8221;default&#8221; text_text_color=&#8221;#FFFFFF&#8221; text_font_size=&#8221;15px&#8221; text_line_height=&#8221;1.2em&#8221; header_text_align=&#8221;right&#8221; header_text_color=&#8221;#FFFFFF&#8221; custom_margin=&#8221;||20px||false|false&#8221; link_option_url=&#8221;@ET-DC@eyJkeW5hbWljIjp0cnVlLCJjb250ZW50IjoicG9zdF9saW5rX3VybF9wYWdlIiwic2V0dGluZ3MiOnsicG9zdF9pZCI6IjgxNyJ9fQ==@&#8221; global_colors_info=&#8221;{}&#8221;]<\/p>\n<p>CONTACT<br \/>US<\/p>\n<p>[\/et_pb_text][et_pb_text admin_label=&#8221;Text EN&#8221; _builder_version=&#8221;4.16&#8243; _module_preset=&#8221;default&#8221; text_text_color=&#8221;#FFFFFF&#8221; text_font_size=&#8221;15px&#8221; text_line_height=&#8221;1.2em&#8221; header_text_align=&#8221;right&#8221; header_text_color=&#8221;#FFFFFF&#8221; custom_margin=&#8221;||0px||false|false&#8221; link_option_url=&#8221;https:\/\/www.portailjeunesse.ca\/en&#8221; global_colors_info=&#8221;{}&#8221;]<\/p>\n<p>Fran\u00e7ais<\/p>\n<p>[\/et_pb_text][\/et_pb_column][\/et_pb_row][\/et_pb_section][et_pb_section fb_built=&#8221;1&#8243; fullwidth=&#8221;on&#8221; _builder_version=&#8221;4.16&#8243; _module_preset=&#8221;default&#8221; global_colors_info=&#8221;{}&#8221;][et_pb_fullwidth_header title=&#8221;Contact us&#8221; text_orientation=&#8221;center&#8221; _builder_version=&#8221;4.16&#8243; _module_preset=&#8221;default&#8221; title_text_color=&#8221;#51B8C1&#8243; subhead_font=&#8221;|700|||||||&#8221; subhead_text_color=&#8221;#283583&#8243; subhead_font_size=&#8221;60px&#8221; subhead_line_height=&#8221;1.1em&#8221; background_color=&#8221;#FFFFFF&#8221; title_font_size_tablet=&#8221;40px&#8221; title_font_size_phone=&#8221;30px&#8221; title_font_size_last_edited=&#8221;on|phone&#8221; subhead_font_size_tablet=&#8221;40px&#8221; subhead_font_size_phone=&#8221;30px&#8221; subhead_font_size_last_edited=&#8221;on|tablet&#8221; global_colors_info=&#8221;{}&#8221;][\/et_pb_fullwidth_header][\/et_pb_section][et_pb_section fb_built=&#8221;1&#8243; admin_label=&#8221;Section POPUP OVERLAY&#8221; module_class=&#8221;popup-overlay&#8221; _builder_version=&#8221;4.9.6&#8243; _module_preset=&#8221;default&#8221; background_color=&#8221;#283583&#8243; global_module=&#8221;232&#8243; saved_tabs=&#8221;all&#8221; global_colors_info=&#8221;{}&#8221;][et_pb_row_inner column_structure=&#8221;1_2,1_2&#8243; _builder_version=&#8221;4.23&#8243; _module_preset=&#8221;default&#8221; global_colors_info=&#8221;{}&#8221;][et_pb_column_inner type=&#8221;1_2&#8243; saved_specialty_column_type=&#8221;1_2&#8243; _builder_version=&#8221;4.23&#8243; _module_preset=&#8221;default&#8221; global_colors_info=&#8221;{}&#8221;][et_pb_countdown_timer title=&#8221;Votre titre va ici&#8221; date_time=&#8221;2024-05-11 00:00&#8243; _builder_version=&#8221;4.23&#8243; _module_preset=&#8221;default&#8221; global_colors_info=&#8221;{}&#8221;][\/et_pb_countdown_timer][\/et_pb_column_inner][et_pb_column_inner type=&#8221;1_2&#8243; saved_specialty_column_type=&#8221;1_2&#8243; _builder_version=&#8221;4.23&#8243; _module_preset=&#8221;default&#8221; global_colors_info=&#8221;{}&#8221;][\/et_pb_column_inner][\/et_pb_row_inner][\/et_pb_section][et_pb_section fb_built=&#8221;1&#8243; admin_label=&#8221;Section POPUP&#8221; _builder_version=&#8221;4.9.6&#8243; _module_preset=&#8221;default&#8221; custom_padding=&#8221;0px||0px||false|false&#8221; global_module=&#8221;233&#8243; saved_tabs=&#8221;all&#8221; global_colors_info=&#8221;{}&#8221;][et_pb_row module_id=&#8221;modal-recherche&#8221; module_class=&#8221;popup-content&#8221; _builder_version=&#8221;4.16&#8243; _module_preset=&#8221;default&#8221; width_tablet=&#8221;90%&#8221; width_phone=&#8221;&#8221; width_last_edited=&#8221;on|tablet&#8221; module_alignment=&#8221;center&#8221; global_colors_info=&#8221;{}&#8221;][et_pb_column type=&#8221;4_4&#8243; _builder_version=&#8221;4.16&#8243; _module_preset=&#8221;default&#8221; global_colors_info=&#8221;{}&#8221;][et_pb_text _builder_version=&#8221;4.16&#8243; _module_preset=&#8221;default&#8221; background_layout=&#8221;dark&#8221; global_colors_info=&#8221;{}&#8221;]<\/p>\n<h3>Search on this website<\/h3>\n<p>[\/et_pb_text][et_pb_search placeholder=&#8221;Write something here&#8230;&#8221; button_color=&#8221;#51B8C1&#8243; _builder_version=&#8221;4.16&#8243; _module_preset=&#8221;default&#8221; button_text_color=&#8221;#FFFFFF&#8221; background_layout=&#8221;dark&#8221; global_colors_info=&#8221;{}&#8221;][\/et_pb_search][\/et_pb_column][\/et_pb_row][\/et_pb_section][et_pb_section fb_built=&#8221;1&#8243; _builder_version=&#8221;4.16&#8243; _module_preset=&#8221;default&#8221; background_color=&#8221;#51B8C1&#8243; global_colors_info=&#8221;{}&#8221;][et_pb_row use_custom_gutter=&#8221;on&#8221; _builder_version=&#8221;4.16&#8243; _module_preset=&#8221;default&#8221; global_colors_info=&#8221;{}&#8221;][et_pb_column type=&#8221;4_4&#8243; _builder_version=&#8221;4.16&#8243; _module_preset=&#8221;default&#8221; global_colors_info=&#8221;{}&#8221;][et_pb_text _builder_version=&#8221;4.16&#8243; _module_preset=&#8221;default&#8221; text_text_color=&#8221;#FFFFFF&#8221; header_5_font=&#8221;||||||||&#8221; header_5_text_color=&#8221;#283583&#8243; header_5_font_size=&#8221;28px&#8221; text_orientation=&#8221;center&#8221; header_5_font_size_tablet=&#8221;22px&#8221; header_5_font_size_phone=&#8221;&#8221; header_5_font_size_last_edited=&#8221;on|tablet&#8221; global_colors_info=&#8221;{}&#8221;]<\/p>\n<h5>Danik O&#8217;Connor | Coordinator<\/h5>\n<p>[\/et_pb_text][et_pb_text _builder_version=&#8221;4.16&#8243; _module_preset=&#8221;default&#8221; header_2_text_align=&#8221;center&#8221; header_2_text_color=&#8221;#FFFFFF&#8221; header_4_text_color=&#8221;#FFFFFF&#8221; header_4_font_size=&#8221;40px&#8221; text_orientation=&#8221;center&#8221; custom_margin=&#8221;||10px||false|false&#8221; animation_style=&#8221;slide&#8221; animation_direction=&#8221;left&#8221; animation_duration=&#8221;800ms&#8221; animation_intensity_slide=&#8221;15%&#8221; header_2_font_size_tablet=&#8221;40px&#8221; header_2_font_size_phone=&#8221;&#8221; header_2_font_size_last_edited=&#8221;on|tablet&#8221; header_4_font_size_tablet=&#8221;30px&#8221; header_4_font_size_phone=&#8221;&#8221; header_4_font_size_last_edited=&#8221;on|tablet&#8221; global_colors_info=&#8221;{}&#8221;]<\/p>\n<h4>Email<\/h4>\n<p>[\/et_pb_text][et_pb_text _builder_version=&#8221;4.23&#8243; _module_preset=&#8221;default&#8221; text_text_color=&#8221;#FFFFFF&#8221; header_5_font=&#8221;||||||||&#8221; header_5_text_color=&#8221;#283583&#8243; header_5_font_size=&#8221;28px&#8221; text_orientation=&#8221;center&#8221; hover_enabled=&#8221;0&#8243; header_5_font_size_tablet=&#8221;22px&#8221; header_5_font_size_phone=&#8221;&#8221; header_5_font_size_last_edited=&#8221;on|tablet&#8221; global_colors_info=&#8221;{}&#8221; sticky_enabled=&#8221;0&#8243;]<\/p>\n<h5>coordination@vivreengaspesie.com<\/h5>\n<p>[\/et_pb_text][et_pb_text _builder_version=&#8221;4.16&#8243; _module_preset=&#8221;default&#8221; header_2_text_align=&#8221;center&#8221; header_2_text_color=&#8221;#FFFFFF&#8221; header_4_text_color=&#8221;#FFFFFF&#8221; header_4_font_size=&#8221;40px&#8221; text_orientation=&#8221;center&#8221; custom_margin=&#8221;||10px||false|false&#8221; animation_style=&#8221;slide&#8221; animation_direction=&#8221;left&#8221; animation_duration=&#8221;800ms&#8221; animation_intensity_slide=&#8221;15%&#8221; header_2_font_size_tablet=&#8221;40px&#8221; header_2_font_size_phone=&#8221;&#8221; header_2_font_size_last_edited=&#8221;on|tablet&#8221; header_4_font_size_tablet=&#8221;30px&#8221; header_4_font_size_phone=&#8221;&#8221; header_4_font_size_last_edited=&#8221;on|tablet&#8221; global_colors_info=&#8221;{}&#8221;]<\/p>\n<h4>Phone Number<\/h4>\n<p>[\/et_pb_text][et_pb_text _builder_version=&#8221;4.16&#8243; _module_preset=&#8221;default&#8221; text_text_color=&#8221;#FFFFFF&#8221; header_5_font=&#8221;||||||||&#8221; header_5_text_color=&#8221;#283583&#8243; header_5_font_size=&#8221;28px&#8221; text_orientation=&#8221;center&#8221; header_5_font_size_tablet=&#8221;22px&#8221; header_5_font_size_phone=&#8221;&#8221; header_5_font_size_last_edited=&#8221;on|tablet&#8221; global_colors_info=&#8221;{}&#8221;]<\/p>\n<h5><a href=\"tel:5818872894\">581 887-2894<\/a><\/h5>\n<p>[\/et_pb_text][\/et_pb_column][\/et_pb_row][\/et_pb_section][et_pb_section fb_built=&#8221;1&#8243; _builder_version=&#8221;4.18.0&#8243; _module_preset=&#8221;default&#8221; global_colors_info=&#8221;{}&#8221;][et_pb_row _builder_version=&#8221;4.18.0&#8243; _module_preset=&#8221;default&#8221; background_color=&#8221;#DB094A&#8221; global_colors_info=&#8221;{}&#8221;][et_pb_column type=&#8221;4_4&#8243; _builder_version=&#8221;4.18.0&#8243; _module_preset=&#8221;default&#8221; global_colors_info=&#8221;{}&#8221;][et_pb_cta title=&#8221;Deviens administrateur&#8221; button_url=&#8221;https:\/\/docs.google.com\/forms\/d\/e\/1FAIpQLScwr43xgN3SJo08Ywy_X2igeHGzuYsboMnSvZqFzUydYQ580Q\/viewform?usp=sf_link&#8221; button_text=&#8221;Pose ta candidature&#8221; _builder_version=&#8221;4.18.0&#8243; _module_preset=&#8221;default&#8221; background_color=&#8221;#51B8C1&#8243; global_colors_info=&#8221;{}&#8221;]<\/p>\n<p>Implique-toi au Conseil d&#8217;administration de la Commission jeunesse Gasp\u00e9sie-\u00celes-de-la-Madeleine.<\/p>\n<p>En plus de remplir ton r\u00f4le d&#8217;administrateur, tu auras l&#8217;opportunit\u00e9 de participer \u00e0 la r\u00e9alisation de diff\u00e9rents projets, dont la Consultation jeunesse r\u00e9gionale, les concours et le gala en participation citoyenne et des \u00e9v\u00e9nements locaux.<\/p>\n<p>[\/et_pb_cta][\/et_pb_column][\/et_pb_row][\/et_pb_section][et_pb_section fb_built=&#8221;1&#8243; _builder_version=&#8221;4.16&#8243; _module_preset=&#8221;default&#8221; background_color=&#8221;#D3CE00&#8243; global_colors_info=&#8221;{}&#8221;][et_pb_row use_custom_gutter=&#8221;on&#8221; _builder_version=&#8221;4.16&#8243; _module_preset=&#8221;default&#8221; global_colors_info=&#8221;{}&#8221;][et_pb_column type=&#8221;4_4&#8243; _builder_version=&#8221;4.16&#8243; _module_preset=&#8221;default&#8221; global_colors_info=&#8221;{}&#8221;][et_pb_text _builder_version=&#8221;4.16&#8243; _module_preset=&#8221;default&#8221; header_2_text_align=&#8221;center&#8221; header_2_text_color=&#8221;#283583&#8243; header_4_text_color=&#8221;#283583&#8243; header_4_font_size=&#8221;40px&#8221; text_orientation=&#8221;center&#8221; custom_margin=&#8221;||10px||false|false&#8221; animation_style=&#8221;slide&#8221; animation_direction=&#8221;left&#8221; animation_duration=&#8221;800ms&#8221; animation_intensity_slide=&#8221;15%&#8221; header_2_font_size_tablet=&#8221;40px&#8221; header_2_font_size_phone=&#8221;&#8221; header_2_font_size_last_edited=&#8221;on|tablet&#8221; header_4_font_size_tablet=&#8221;30px&#8221; header_4_font_size_phone=&#8221;&#8221; header_4_font_size_last_edited=&#8221;on|tablet&#8221; global_colors_info=&#8221;{}&#8221;]<\/p>\n<h4>Contact us!<\/h4>\n<p>[\/et_pb_text][wpforms_selector form_id=&#8221;821&#8243; _builder_version=&#8221;4.14.1&#8243; _module_preset=&#8221;default&#8221; max_width=&#8221;600px&#8221; module_alignment=&#8221;center&#8221; global_colors_info=&#8221;{}&#8221;][\/wpforms_selector][\/et_pb_column][\/et_pb_row][\/et_pb_section]<\/p>\n","protected":false},"excerpt":{"rendered":"<p>CONTACTUSFran\u00e7aisSearch on this websiteDanik O&#8217;Connor | CoordinatorEmailcoordination@vivreengaspesie.comPhone Number581 887-2894Implique-toi au Conseil d&#8217;administration de la Commission jeunesse Gasp\u00e9sie-\u00celes-de-la-Madeleine. En plus de remplir ton r\u00f4le d&#8217;administrateur, tu auras l&#8217;opportunit\u00e9 de participer \u00e0 la r\u00e9alisation de diff\u00e9rents projets, dont la Consultation jeunesse r\u00e9gionale, les concours et le gala en participation citoyenne et des \u00e9v\u00e9nements locaux.Contact us![wpforms_selector form_id=&#8221;821&#8243; _builder_version=&#8221;4.14.1&#8243; [&hellip;]<\/p>\n","protected":false},"author":1,"featured_media":1072,"parent":0,"menu_order":0,"comment_status":"closed","ping_status":"closed","template":"","meta":{"_et_pb_use_builder":"on","_et_pb_old_content":"","_et_gb_content_width":"","inline_featured_image":false,"footnotes":""},"class_list":["post-1268","page","type-page","status-publish","has-post-thumbnail","hentry"],"_links":{"self":[{"href":"https:\/\/portailjeunesse.ca\/en\/wp-json\/wp\/v2\/pages\/1268","targetHints":{"allow":["GET"]}}],"collection":[{"href":"https:\/\/portailjeunesse.ca\/en\/wp-json\/wp\/v2\/pages"}],"about":[{"href":"https:\/\/portailjeunesse.ca\/en\/wp-json\/wp\/v2\/types\/page"}],"author":[{"embeddable":true,"href":"https:\/\/portailjeunesse.ca\/en\/wp-json\/wp\/v2\/users\/1"}],"replies":[{"embeddable":true,"href":"https:\/\/portailjeunesse.ca\/en\/wp-json\/wp\/v2\/comments?post=1268"}],"version-history":[{"count":11,"href":"https:\/\/portailjeunesse.ca\/en\/wp-json\/wp\/v2\/pages\/1268\/revisions"}],"predecessor-version":[{"id":2434,"href":"https:\/\/portailjeunesse.ca\/en\/wp-json\/wp\/v2\/pages\/1268\/revisions\/2434"}],"wp:featuredmedia":[{"embeddable":true,"href":"https:\/\/portailjeunesse.ca\/en\/wp-json\/wp\/v2\/media\/1072"}],"wp:attachment":[{"href":"https:\/\/portailjeunesse.ca\/en\/wp-json\/wp\/v2\/media?parent=1268"}],"curies":[{"name":"wp","href":"https:\/\/api.w.org\/{rel}","templated":true}]}}